{"id":38,"date":"2021-11-13T23:43:36","date_gmt":"2021-11-13T22:43:36","guid":{"rendered":"https:\/\/dev21.alter-knoch.de\/?page_id=38"},"modified":"2026-01-01T12:09:16","modified_gmt":"2026-01-01T11:09:16","slug":"impressum","status":"publish","type":"page","link":"https:\/\/akr-notare.de\/en\/impressum\/","title":{"rendered":"Imprint"},"content":{"rendered":"<div data-elementor-type=\"wp-page\" data-elementor-id=\"38\" class=\"elementor elementor-38\">\n\t\t\t\t\t\t<section class=\"elementor-section elementor-top-section elementor-element elementor-element-3237ed2 elementor-section-boxed elementor-section-height-default elementor-section-height-default\" data-id=\"3237ed2\" data-element_type=\"section\" data-e-type=\"section\">\n\t\t\t\t\t\t<div class=\"elementor-container elementor-column-gap-default\">\n\t\t\t\t\t<div class=\"elementor-column elementor-col-100 elementor-top-column elementor-element elementor-element-a7353ad\" data-id=\"a7353ad\" data-element_type=\"column\" data-e-type=\"column\">\n\t\t\t<div class=\"elementor-widget-wrap elementor-element-populated\">\n\t\t\t\t\t\t<div class=\"elementor-element elementor-element-02c1452 elementor-widget elementor-widget-heading\" data-id=\"02c1452\" data-element_type=\"widget\" data-e-type=\"widget\" data-widget_type=\"heading.default\">\n\t\t\t\t<div class=\"elementor-widget-container\">\n\t\t\t\t\t<h2 class=\"elementor-heading-title elementor-size-default\">Imprint<\/h2>\t\t\t\t<\/div>\n\t\t\t\t<\/div>\n\t\t\t\t<section class=\"elementor-section elementor-inner-section elementor-element elementor-element-95c76a6 elementor-section-full_width elementor-section-height-default elementor-section-height-default\" data-id=\"95c76a6\" data-element_type=\"section\" data-e-type=\"section\" data-settings=\"{&quot;background_background&quot;:&quot;classic&quot;}\">\n\t\t\t\t\t\t<div class=\"elementor-container elementor-column-gap-default\">\n\t\t\t\t\t<div class=\"elementor-column elementor-col-50 elementor-inner-column elementor-element elementor-element-fcd96cd\" data-id=\"fcd96cd\" data-element_type=\"column\" data-e-type=\"column\">\n\t\t\t<div class=\"elementor-widget-wrap elementor-element-populated\">\n\t\t\t\t\t\t<div class=\"elementor-element elementor-element-f0ff513 elementor-hidden-mobile elementor-widget elementor-widget-spacer\" data-id=\"f0ff513\" data-element_type=\"widget\" data-e-type=\"widget\" data-widget_type=\"spacer.default\">\n\t\t\t\t<div class=\"elementor-widget-container\">\n\t\t\t\t\t\t\t<div class=\"elementor-spacer\">\n\t\t\t<div class=\"elementor-spacer-inner\"><\/div>\n\t\t<\/div>\n\t\t\t\t\t\t<\/div>\n\t\t\t\t<\/div>\n\t\t\t\t\t<\/div>\n\t\t<\/div>\n\t\t\t\t<div class=\"elementor-column elementor-col-50 elementor-inner-column elementor-element elementor-element-4812c35\" data-id=\"4812c35\" data-element_type=\"column\" data-e-type=\"column\">\n\t\t\t<div class=\"elementor-widget-wrap elementor-element-populated\">\n\t\t\t\t\t\t<div class=\"elementor-element elementor-element-b522b5d elementor-hidden-mobile elementor-widget elementor-widget-spacer\" data-id=\"b522b5d\" data-element_type=\"widget\" data-e-type=\"widget\" data-widget_type=\"spacer.default\">\n\t\t\t\t<div class=\"elementor-widget-container\">\n\t\t\t\t\t\t\t<div class=\"elementor-spacer\">\n\t\t\t<div class=\"elementor-spacer-inner\"><\/div>\n\t\t<\/div>\n\t\t\t\t\t\t<\/div>\n\t\t\t\t<\/div>\n\t\t\t\t<div class=\"elementor-element elementor-element-a8772c6 elementor-hidden-desktop elementor-hidden-tablet elementor-widget elementor-widget-spacer\" data-id=\"a8772c6\" data-element_type=\"widget\" data-e-type=\"widget\" data-widget_type=\"spacer.default\">\n\t\t\t\t<div class=\"elementor-widget-container\">\n\t\t\t\t\t\t\t<div class=\"elementor-spacer\">\n\t\t\t<div class=\"elementor-spacer-inner\"><\/div>\n\t\t<\/div>\n\t\t\t\t\t\t<\/div>\n\t\t\t\t<\/div>\n\t\t\t\t<div class=\"elementor-element elementor-element-5f7ae56 elementor-widget elementor-widget-text-editor\" data-id=\"5f7ae56\" data-element_type=\"widget\" data-e-type=\"widget\" data-widget_type=\"text-editor.default\">\n\t\t\t\t<div class=\"elementor-widget-container\">\n\t\t\t\t\t\t\t\t\t<p><span class=\"redme\">AKR Notare<\/span><br \/>Civil law partnership (Gesellschaft b\u00fcrgerlichen Rechts)<\/p><p>Partners:<\/p><p><strong>HERMANN ALTER<\/strong><br \/>Notar a.D.<br \/>(Federal Republic of Germany)<\/p><p><strong>Electronic mail<\/strong><br \/>kanzlei@akr-notare.de<\/p><p class=\"translation-block\"><strong>ORNA KNOCH LL.M.<\/strong><br><em>Lawyer and notary<\/em><br>(Federal Republic of Germany)<\/p><p><strong>Electronic mail<\/strong><br \/>knoch@akr-notare.de<\/p><p><strong>Dr. STEPHANIE REBELL<\/strong><br \/>Lawyer and notary<br \/>(Federal Republic of Germany)<\/p><p><strong>Electronic mail<\/strong><br \/>rebell@akr-notare.de<\/p><p><strong>Office address<\/strong><br \/>Friedrichstra\u00dfe 2-6<br \/>60323 Frankfurt am Main \/ Germany<br \/>Phone +49 69 299 209 30<br \/>Fax +49 69 299 209 310<br \/>kanzlei@akr-notare.de<\/p><p><strong>Responsible for content<\/strong><br \/>Orna Knoch (address see above)<\/p><p><strong>Image sources<\/strong><\/p><p class=\"translation-block\">Datenfluss Werbeagentur GmbH, Notare &amp; Rechtsanw\u00e4lte \u2013 Christian Rindermann\/Datenfluss Werbeagentur GmbH, T\u00e4tigkeitsfelder \u2013 Christian Rindermann\/Datenfluss Werbeagentur GmbHs<\/p><hr \/><p class=\"translation-block\"><strong>Regulatory and supervisory authorities<\/strong><br>The lawyers working in the firm are members of the Frankfurt am Main Bar Association (Rechtsanwaltskammer Frankfurt am Main), which is their supervisory authority.<\/p><p>Rechtsanwaltskammer Frankfurt am Main Kd\u00f6R<br \/>Bockenheimer Anlage 36<br \/>60322 Frankfurt am Main \/ Germany<br \/>Phone +49 (69) 17 00 98 - 01<br \/>Fax +49 (69) 17 00 98 - 50<br \/>Electronic mail<br \/>info@rechtsanwaltskammer-ffm.de<\/p><p>The notaries working in the office are members of the Frankfurt am Main Chamber of Notaries (Notarkammer Frankfurt am Main), which is their supervisory authority.<\/p><p>Notarkammer Frankfurt am Main Kd\u00f6R<br \/>Bockenheimer Anlage 36<br \/>60322 Frankfurt am Main \/ Germany<br \/>Phone +49 (69) 17 00 98 - 02<br \/>Fax +49 (69) 17 00 98 - 25<br \/>Electronic mail<br \/>info@notarkammer-ffm.de<\/p><p><strong>Job title<\/strong><br \/>\"Rechtsanwalt\", \"Rechtsanw\u00e4ltin\" and \"Notar\" are the legal professional titles. They were awarded to the lawyers working in the Hermann Alter law firm and the notary Hermann Alter by the Ministry of Justice of the Federal State of Hesse (Justizministerium des Bundeslandes Hessen).<\/p><p>Rules for the practice of the profession<\/p><p>The following professional regulations apply to lawyers (Rechtsanw\u00e4lte):<\/p><ul><li>Federal Lawyers' Act (<\/i>Bundesrechtsanwaltsordnung<\/i>) - BRAO<\/li><li>Professional Code of Conduct for Attorneys at Law (Berufsordnung f\u00fcr Rechtsanw\u00e4lte) - BORA<\/li><li>Specialist Lawyer\u2019s Act (Fachanwaltsordnung) - FAO<\/li><li>Lawyers' Remuneration Act (Rechtsanwaltsverg\u00fctungsgesetz) - RVG<\/li><li>Rules of Professional Conduct of Lawyers in the European Community (Berufsregeln der Rechtsanw\u00e4lte der Europ\u00e4ischen Gemeinschaft) - CCBE<\/li><li>Law on the Activity of European Lawyers in Germany (Gesetz \u00fcber die T\u00e4tigkeit europ\u00e4ischer Rechtsanw\u00e4lte in Deutschland) - EuRAG<\/li><\/ul><p>These regulations can be viewed on the website of the German Federal Bar Association (Bundesrechtsanwaltskammer): www.brak.de.<\/p><p>The activity of the notary is subject to the following professional regulations:<\/p><ul><li>Notarization Act (Beurkundungsgesetz) - BeurkG<\/li><li>Federal Code of Notaries (Bundesnotarordnung) - BNotO<\/li><li>Professional Regulations for Notaries (Dienstordnung f\u00fcr Notare) - DONot<\/li><li>Cost Regulations (Kostenordnung) - KostO<\/li><li>European Code of Professional Conduct<\/li><\/ul><p>These regulations can be viewed on the website of the Federal Chamber of Notaries (Bundesnotarkammer): www.bnotk.de<\/p><p><strong>Avoidance of conflicts of interest<\/strong><br \/>Lawyers are prohibited from representing conflicting interests by professional regulations (Section 43a (4) BRAO). Before accepting a client, we therefore always check whether there is a conflict of interest.<\/p><p><strong>Out-of-court dispute resolution<\/strong><br \/>In the event of disputes between lawyers and their clients, there is the possibility of out-of-court dispute resolution upon application to the regional bar association (pursuant to Section 73 (2) No. 3 in conjunction with Section 73 (5) BRAO) or to the arbitration board of the bar association at the Federal Bar Association (Section 191f BRAO), which can be found on the Internet via the homepage of the Federal Bar Association (www.brak.de or by e-mail: schlichtungsstelle@brak.de).<\/p><p><strong>Disclaimer<\/strong><br \/>The content available on these pages is for general information purposes and does not constitute any further obligations. Liability is excluded for the accuracy and reproduction of the contents.<\/p><p>We would also like to point out that unencrypted communication by e-mail involves certain uncertainties. We, therefore, exclude any liability for messages resulting from the unencrypted transmission. In the case of an unencrypted initial transmission, we assume consent to further unencrypted electronic correspondence.<\/p><p><strong>Realisation of the website:<\/strong><br \/>Datenfluss Werbeagentur GmbH<br \/><a href=\"mailto:office@datenfluss.de\">office@datenfluss.de<\/a><span>\u00a0<\/span>|<span>\u00a0<\/span><a href=\"http:\/\/www.datenfluss.de\/\">www.datenfluss.de<\/a><\/p>\t\t\t\t\t\t\t\t<\/div>\n\t\t\t\t<\/div>\n\t\t\t\t\t<\/div>\n\t\t<\/div>\n\t\t\t\t\t<\/div>\n\t\t<\/section>\n\t\t\t\t\t<\/div>\n\t\t<\/div>\n\t\t\t\t\t<\/div>\n\t\t<\/section>\n\t\t\t\t<section class=\"elementor-section elementor-top-section elementor-element elementor-element-02295e9 elementor-section-boxed elementor-section-height-default elementor-section-height-default\" data-id=\"02295e9\" data-element_type=\"section\" data-e-type=\"section\">\n\t\t\t\t\t\t<div class=\"elementor-container elementor-column-gap-default\">\n\t\t\t\t\t<div class=\"elementor-column elementor-col-100 elementor-top-column elementor-element elementor-element-ee8522c\" data-id=\"ee8522c\" data-element_type=\"column\" data-e-type=\"column\">\n\t\t\t<div class=\"elementor-widget-wrap\">\n\t\t\t\t\t\t\t<\/div>\n\t\t<\/div>\n\t\t\t\t\t<\/div>\n\t\t<\/section>\n\t\t\t\t<\/div>","protected":false},"excerpt":{"rendered":"<p>Impressum AKR NotareGesellschaft b\u00fcrgerlichen Rechts Gesellschafter: HERMANN ALTERNotar a.D.(Bundesrepublik Deutschland) Elektronische Postkanzlei@akr-notare.de ORNA KNOCH LL.M.Rechtsanw\u00e4ltin und Notarin(Bundesrepublik Deutschland) Elektronische Postknoch@akr-notare.de Dr. STEPHANIE REBELLRechtsanw\u00e4ltin und Notarin(Bundesrepublik Deutschland) Elektronische Postrebell@akr-notare.de KanzleianschriftFriedrichstra\u00dfe 2-660323 Frankfurt am MainTelefon (069) 299 209 30Telefax (069) 299 209 310kanzlei@akr-notare.de Inhaltlich VerantwortlichOrna Knoch (Anschrift s.o.) Bildquellen Startseite &#8211; Christian [&hellip;]<\/p>\n","protected":false},"author":1,"featured_media":0,"parent":0,"menu_order":0,"comment_status":"closed","ping_status":"closed","template":"page-templates\/template-pagebuilder-full-width.php","meta":{"footnotes":""},"class_list":["post-38","page","type-page","status-publish","hentry"],"yoast_head":"<!-- This site is optimized with the Yoast SEO plugin v27.3 - https:\/\/yoast.com\/product\/yoast-seo-wordpress\/ -->\n<title>Impressum - AKR Notare<\/title>\n<meta name=\"robots\" content=\"index, follow, max-snippet:-1, max-image-preview:large, max-video-preview:-1\" \/>\n<link rel=\"canonical\" href=\"https:\/\/akr-notare.de\/en\/impressum\/\" \/>\n<meta property=\"og:locale\" content=\"en_GB\" \/>\n<meta property=\"og:type\" content=\"article\" \/>\n<meta property=\"og:title\" content=\"Impressum - AKR Notare\" \/>\n<meta property=\"og:description\" content=\"Impressum AKR NotareGesellschaft b\u00fcrgerlichen Rechts Gesellschafter: HERMANN ALTERNotar a.D.(Bundesrepublik Deutschland) Elektronische Postkanzlei@akr-notare.de ORNA KNOCH LL.M.Rechtsanw\u00e4ltin und Notarin(Bundesrepublik Deutschland) Elektronische Postknoch@akr-notare.de Dr. STEPHANIE REBELLRechtsanw\u00e4ltin und Notarin(Bundesrepublik Deutschland) Elektronische Postrebell@akr-notare.de KanzleianschriftFriedrichstra\u00dfe 2-660323 Frankfurt am MainTelefon (069) 299 209 30Telefax (069) 299 209 310kanzlei@akr-notare.de Inhaltlich VerantwortlichOrna Knoch (Anschrift s.o.) Bildquellen Startseite &#8211; Christian [&hellip;]\" \/>\n<meta property=\"og:url\" content=\"https:\/\/akr-notare.de\/en\/impressum\/\" \/>\n<meta property=\"og:site_name\" content=\"AKR Notare\" \/>\n<meta property=\"article:modified_time\" content=\"2026-01-01T11:09:16+00:00\" \/>\n<meta name=\"twitter:card\" content=\"summary_large_image\" \/>\n<meta name=\"twitter:label1\" content=\"Est. reading time\" \/>\n\t<meta name=\"twitter:data1\" content=\"3 minutes\" \/>\n<script type=\"application\/ld+json\" class=\"yoast-schema-graph\">{\"@context\":\"https:\\\/\\\/schema.org\",\"@graph\":[{\"@type\":\"WebPage\",\"@id\":\"https:\\\/\\\/akr-notare.de\\\/impressum\\\/\",\"url\":\"https:\\\/\\\/akr-notare.de\\\/impressum\\\/\",\"name\":\"Impressum - AKR Notare\",\"isPartOf\":{\"@id\":\"https:\\\/\\\/akr-notare.de\\\/#website\"},\"datePublished\":\"2021-11-13T22:43:36+00:00\",\"dateModified\":\"2026-01-01T11:09:16+00:00\",\"breadcrumb\":{\"@id\":\"https:\\\/\\\/akr-notare.de\\\/impressum\\\/#breadcrumb\"},\"inLanguage\":\"en-GB\",\"potentialAction\":[{\"@type\":\"ReadAction\",\"target\":[\"https:\\\/\\\/akr-notare.de\\\/impressum\\\/\"]}]},{\"@type\":\"BreadcrumbList\",\"@id\":\"https:\\\/\\\/akr-notare.de\\\/impressum\\\/#breadcrumb\",\"itemListElement\":[{\"@type\":\"ListItem\",\"position\":1,\"name\":\"Startseite\",\"item\":\"https:\\\/\\\/akr-notare.de\\\/\"},{\"@type\":\"ListItem\",\"position\":2,\"name\":\"Impressum\"}]},{\"@type\":\"WebSite\",\"@id\":\"https:\\\/\\\/akr-notare.de\\\/#website\",\"url\":\"https:\\\/\\\/akr-notare.de\\\/\",\"name\":\"AKR Notare\",\"description\":\"Notariat | Rechtsberatung in Frankfurt zum Thema Immobilienrecht, Handels- &amp; Gesellschaftsrecht, Erbrecht, Grundst\u00fccksrecht und Familienrecht\",\"publisher\":{\"@id\":\"https:\\\/\\\/akr-notare.de\\\/#organization\"},\"potentialAction\":[{\"@type\":\"SearchAction\",\"target\":{\"@type\":\"EntryPoint\",\"urlTemplate\":\"https:\\\/\\\/akr-notare.de\\\/?s={search_term_string}\"},\"query-input\":{\"@type\":\"PropertyValueSpecification\",\"valueRequired\":true,\"valueName\":\"search_term_string\"}}],\"inLanguage\":\"en-GB\"},{\"@type\":\"Organization\",\"@id\":\"https:\\\/\\\/akr-notare.de\\\/#organization\",\"name\":\"AKR Notare\",\"url\":\"https:\\\/\\\/akr-notare.de\\\/\",\"logo\":{\"@type\":\"ImageObject\",\"inLanguage\":\"en-GB\",\"@id\":\"https:\\\/\\\/akr-notare.de\\\/#\\\/schema\\\/logo\\\/image\\\/\",\"url\":\"https:\\\/\\\/akr-notare.de\\\/wp-content\\\/uploads\\\/2021\\\/11\\\/AKR_Notare_Logo_RGB.svg\",\"contentUrl\":\"https:\\\/\\\/akr-notare.de\\\/wp-content\\\/uploads\\\/2021\\\/11\\\/AKR_Notare_Logo_RGB.svg\",\"width\":102,\"height\":58,\"caption\":\"AKR Notare\"},\"image\":{\"@id\":\"https:\\\/\\\/akr-notare.de\\\/#\\\/schema\\\/logo\\\/image\\\/\"}}]}<\/script>\n<!-- \/ Yoast SEO plugin. -->","yoast_head_json":{"title":"Impressum - AKR Notare","robots":{"index":"index","follow":"follow","max-snippet":"max-snippet:-1","max-image-preview":"max-image-preview:large","max-video-preview":"max-video-preview:-1"},"canonical":"https:\/\/akr-notare.de\/en\/impressum\/","og_locale":"en_GB","og_type":"article","og_title":"Impressum - AKR Notare","og_description":"Impressum AKR NotareGesellschaft b\u00fcrgerlichen Rechts Gesellschafter: HERMANN ALTERNotar a.D.(Bundesrepublik Deutschland) Elektronische Postkanzlei@akr-notare.de ORNA KNOCH LL.M.Rechtsanw\u00e4ltin und Notarin(Bundesrepublik Deutschland) Elektronische Postknoch@akr-notare.de Dr. STEPHANIE REBELLRechtsanw\u00e4ltin und Notarin(Bundesrepublik Deutschland) Elektronische Postrebell@akr-notare.de KanzleianschriftFriedrichstra\u00dfe 2-660323 Frankfurt am MainTelefon (069) 299 209 30Telefax (069) 299 209 310kanzlei@akr-notare.de Inhaltlich VerantwortlichOrna Knoch (Anschrift s.o.) Bildquellen Startseite &#8211; Christian [&hellip;]","og_url":"https:\/\/akr-notare.de\/en\/impressum\/","og_site_name":"AKR Notare","article_modified_time":"2026-01-01T11:09:16+00:00","twitter_card":"summary_large_image","twitter_misc":{"Est. reading time":"3 minutes"},"schema":{"@context":"https:\/\/schema.org","@graph":[{"@type":"WebPage","@id":"https:\/\/akr-notare.de\/impressum\/","url":"https:\/\/akr-notare.de\/impressum\/","name":"Impressum - AKR Notare","isPartOf":{"@id":"https:\/\/akr-notare.de\/#website"},"datePublished":"2021-11-13T22:43:36+00:00","dateModified":"2026-01-01T11:09:16+00:00","breadcrumb":{"@id":"https:\/\/akr-notare.de\/impressum\/#breadcrumb"},"inLanguage":"en-GB","potentialAction":[{"@type":"ReadAction","target":["https:\/\/akr-notare.de\/impressum\/"]}]},{"@type":"BreadcrumbList","@id":"https:\/\/akr-notare.de\/impressum\/#breadcrumb","itemListElement":[{"@type":"ListItem","position":1,"name":"Startseite","item":"https:\/\/akr-notare.de\/"},{"@type":"ListItem","position":2,"name":"Impressum"}]},{"@type":"WebSite","@id":"https:\/\/akr-notare.de\/#website","url":"https:\/\/akr-notare.de\/","name":"AKR Notare","description":"Notariat | Rechtsberatung in Frankfurt zum Thema Immobilienrecht, Handels- &amp; Gesellschaftsrecht, Erbrecht, Grundst\u00fccksrecht und Familienrecht","publisher":{"@id":"https:\/\/akr-notare.de\/#organization"},"potentialAction":[{"@type":"SearchAction","target":{"@type":"EntryPoint","urlTemplate":"https:\/\/akr-notare.de\/?s={search_term_string}"},"query-input":{"@type":"PropertyValueSpecification","valueRequired":true,"valueName":"search_term_string"}}],"inLanguage":"en-GB"},{"@type":"Organization","@id":"https:\/\/akr-notare.de\/#organization","name":"AKR Notare","url":"https:\/\/akr-notare.de\/","logo":{"@type":"ImageObject","inLanguage":"en-GB","@id":"https:\/\/akr-notare.de\/#\/schema\/logo\/image\/","url":"https:\/\/akr-notare.de\/wp-content\/uploads\/2021\/11\/AKR_Notare_Logo_RGB.svg","contentUrl":"https:\/\/akr-notare.de\/wp-content\/uploads\/2021\/11\/AKR_Notare_Logo_RGB.svg","width":102,"height":58,"caption":"AKR Notare"},"image":{"@id":"https:\/\/akr-notare.de\/#\/schema\/logo\/image\/"}}]}},"_links":{"self":[{"href":"https:\/\/akr-notare.de\/en\/wp-json\/wp\/v2\/pages\/38","targetHints":{"allow":["GET"]}}],"collection":[{"href":"https:\/\/akr-notare.de\/en\/wp-json\/wp\/v2\/pages"}],"about":[{"href":"https:\/\/akr-notare.de\/en\/wp-json\/wp\/v2\/types\/page"}],"author":[{"embeddable":true,"href":"https:\/\/akr-notare.de\/en\/wp-json\/wp\/v2\/users\/1"}],"replies":[{"embeddable":true,"href":"https:\/\/akr-notare.de\/en\/wp-json\/wp\/v2\/comments?post=38"}],"version-history":[{"count":10,"href":"https:\/\/akr-notare.de\/en\/wp-json\/wp\/v2\/pages\/38\/revisions"}],"predecessor-version":[{"id":2999,"href":"https:\/\/akr-notare.de\/en\/wp-json\/wp\/v2\/pages\/38\/revisions\/2999"}],"wp:attachment":[{"href":"https:\/\/akr-notare.de\/en\/wp-json\/wp\/v2\/media?parent=38"}],"curies":[{"name":"wp","href":"https:\/\/api.w.org\/{rel}","templated":true}]}}